{"id":364,"date":"2021-07-01T13:25:02","date_gmt":"2021-07-01T13:25:02","guid":{"rendered":"https:\/\/spplusk-slask.pl\/?page_id=364"},"modified":"2025-03-10T06:22:36","modified_gmt":"2025-03-10T06:22:36","slug":"obozy-letnie-z-pluskiem","status":"publish","type":"page","link":"https:\/\/spplusk-slask.pl\/index.php\/obozy-letnie-z-pluskiem\/","title":{"rendered":"Obozy letnie z PLUSKIEM"},"content":{"rendered":"\t\t<div data-elementor-type=\"wp-page\" data-elementor-id=\"364\" class=\"elementor elementor-364\" data-elementor-settings=\"[]\">\n\t\t\t\t\t\t<div class=\"elementor-inner\">\n\t\t\t\t\t\t\t<div class=\"elementor-section-wrap\">\n\t\t\t\t\t\t\t<section class=\"elementor-section elementor-top-section elementor-element elementor-element-2b2e751 elementor-section-boxed elementor-section-height-default elementor-section-height-default\" data-id=\"2b2e751\" data-element_type=\"section\" data-settings=\"{&quot;background_background&quot;:&quot;classic&quot;,&quot;shape_divider_bottom&quot;:&quot;wave-brush&quot;}\">\n\t\t\t\t\t\t\t<div class=\"elementor-background-overlay\"><\/div>\n\t\t\t\t\t\t<div class=\"elementor-shape elementor-shape-bottom\" data-negative=\"false\">\n\t\t\t<svg xmlns=\"http:\/\/www.w3.org\/2000\/svg\" viewBox=\"0 0 283.5 27.8\" preserveAspectRatio=\"none\">\n\t<path class=\"elementor-shape-fill\" d=\"M283.5,9.7c0,0-7.3,4.3-14,4.6c-6.8,0.3-12.6,0-20.9-1.5c-11.3-2-33.1-10.1-44.7-5.7\ts-12.1,4.6-18,7.4c-6.6,3.2-20,9.6-36.6,9.3C131.6,23.5,99.5,7.2,86.3,8c-1.4,0.1-6.6,0.8-10.5,2c-3.8,1.2-9.4,3.8-17,4.7\tc-3.2,0.4-8.3,1.1-14.2,0.9c-1.5-0.1-6.3-0.4-12-1.6c-5.7-1.2-11-3.1-15.8-3.7C6.5,9.2,0,10.8,0,10.8V0h283.5V9.7z M260.8,11.3\tc-0.7-1-2-0.4-4.3-0.4c-2.3,0-6.1-1.2-5.8-1.1c0.3,0.1,3.1,1.5,6,1.9C259.7,12.2,261.4,12.3,260.8,11.3z M242.4,8.6\tc0,0-2.4-0.2-5.6-0.9c-3.2-0.8-10.3-2.8-15.1-3.5c-8.2-1.1-15.8,0-15.1,0.1c0.8,0.1,9.6-0.6,17.6,1.1c3.3,0.7,9.3,2.2,12.4,2.7\tC239.9,8.7,242.4,8.6,242.4,8.6z M185.2,8.5c1.7-0.7-13.3,4.7-18.5,6.1c-2.1,0.6-6.2,1.6-10,2c-3.9,0.4-8.9,0.4-8.8,0.5\tc0,0.2,5.8,0.8,11.2,0c5.4-0.8,5.2-1.1,7.6-1.6C170.5,14.7,183.5,9.2,185.2,8.5z M199.1,6.9c0.2,0-0.8-0.4-4.8,1.1\tc-4,1.5-6.7,3.5-6.9,3.7c-0.2,0.1,3.5-1.8,6.6-3C197,7.5,199,6.9,199.1,6.9z M283,6c-0.1,0.1-1.9,1.1-4.8,2.5s-6.9,2.8-6.7,2.7\tc0.2,0,3.5-0.6,7.4-2.5C282.8,6.8,283.1,5.9,283,6z M31.3,11.6c0.1-0.2-1.9-0.2-4.5-1.2s-5.4-1.6-7.8-2C15,7.6,7.3,8.5,7.7,8.6\tC8,8.7,15.9,8.3,20.2,9.3c2.2,0.5,2.4,0.5,5.7,1.6S31.2,11.9,31.3,11.6z M73,9.2c0.4-0.1,3.5-1.6,8.4-2.6c4.9-1.1,8.9-0.5,8.9-0.8\tc0-0.3-1-0.9-6.2-0.3S72.6,9.3,73,9.2z M71.6,6.7C71.8,6.8,75,5.4,77.3,5c2.3-0.3,1.9-0.5,1.9-0.6c0-0.1-1.1-0.2-2.7,0.2\tC74.8,5.1,71.4,6.6,71.6,6.7z M93.6,4.4c0.1,0.2,3.5,0.8,5.6,1.8c2.1,1,1.8,0.6,1.9,0.5c0.1-0.1-0.8-0.8-2.4-1.3\tC97.1,4.8,93.5,4.2,93.6,4.4z M65.4,11.1c-0.1,0.3,0.3,0.5,1.9-0.2s2.6-1.3,2.2-1.2s-0.9,0.4-2.5,0.8C65.3,10.9,65.5,10.8,65.4,11.1\tz M34.5,12.4c-0.2,0,2.1,0.8,3.3,0.9c1.2,0.1,2,0.1,2-0.2c0-0.3-0.1-0.5-1.6-0.4C36.6,12.8,34.7,12.4,34.5,12.4z M152.2,21.1\tc-0.1,0.1-2.4-0.3-7.5-0.3c-5,0-13.6-2.4-17.2-3.5c-3.6-1.1,10,3.9,16.5,4.1C150.5,21.6,152.3,21,152.2,21.1z\"\/>\n\t<path class=\"elementor-shape-fill\" d=\"M269.6,18c-0.1-0.1-4.6,0.3-7.2,0c-7.3-0.7-17-3.2-16.6-2.9c0.4,0.3,13.7,3.1,17,3.3\tC267.7,18.8,269.7,18,269.6,18z\"\/>\n\t<path class=\"elementor-shape-fill\" d=\"M227.4,9.8c-0.2-0.1-4.5-1-9.5-1.2c-5-0.2-12.7,0.6-12.3,0.5c0.3-0.1,5.9-1.8,13.3-1.2\tS227.6,9.9,227.4,9.8z\"\/>\n\t<path class=\"elementor-shape-fill\" d=\"M204.5,13.4c-0.1-0.1,2-1,3.2-1.1c1.2-0.1,2,0,2,0.3c0,0.3-0.1,0.5-1.6,0.4\tC206.4,12.9,204.6,13.5,204.5,13.4z\"\/>\n\t<path class=\"elementor-shape-fill\" d=\"M201,10.6c0-0.1-4.4,1.2-6.3,2.2c-1.9,0.9-6.2,3.1-6.1,3.1c0.1,0.1,4.2-1.6,6.3-2.6\tS201,10.7,201,10.6z\"\/>\n\t<path class=\"elementor-shape-fill\" d=\"M154.5,26.7c-0.1-0.1-4.6,0.3-7.2,0c-7.3-0.7-17-3.2-16.6-2.9c0.4,0.3,13.7,3.1,17,3.3\tC152.6,27.5,154.6,26.8,154.5,26.7z\"\/>\n\t<path class=\"elementor-shape-fill\" d=\"M41.9,19.3c0,0,1.2-0.3,2.9-0.1c1.7,0.2,5.8,0.9,8.2,0.7c4.2-0.4,7.4-2.7,7-2.6\tc-0.4,0-4.3,2.2-8.6,1.9c-1.8-0.1-5.1-0.5-6.7-0.4S41.9,19.3,41.9,19.3z\"\/>\n\t<path class=\"elementor-shape-fill\" d=\"M75.5,12.6c0.2,0.1,2-0.8,4.3-1.1c2.3-0.2,2.1-0.3,2.1-0.5c0-0.1-1.8-0.4-3.4,0\tC76.9,11.5,75.3,12.5,75.5,12.6z\"\/>\n\t<path class=\"elementor-shape-fill\" d=\"M15.6,13.2c0-0.1,4.3,0,6.7,0.5c2.4,0.5,5,1.9,5,2c0,0.1-2.7-0.8-5.1-1.4\tC19.9,13.7,15.7,13.3,15.6,13.2z\"\/>\n<\/svg>\t\t<\/div>\n\t\t\t\t\t<div class=\"elementor-container elementor-column-gap-default\">\n\t\t\t\t\t\t\t<div class=\"elementor-row\">\n\t\t\t\t\t<div class=\"elementor-column elementor-col-100 elementor-top-column elementor-element elementor-element-74e7bcc\" data-id=\"74e7bcc\" data-element_type=\"column\">\n\t\t\t<div class=\"elementor-column-wrap elementor-element-populated\">\n\t\t\t\t\t\t\t<div class=\"elementor-widget-wrap\">\n\t\t\t\t\t\t\t\t<\/div>\n\t\t\t\t\t<\/div>\n\t\t<\/div>\n\t\t\t\t\t\t\t\t<\/div>\n\t\t\t\t\t<\/div>\n\t\t<\/section>\n\t\t\t\t<section class=\"elementor-section elementor-top-section elementor-element elementor-element-128bef6 elementor-section-boxed elementor-section-height-default elementor-section-height-default\" data-id=\"128bef6\" data-element_type=\"section\" data-settings=\"{&quot;background_background&quot;:&quot;classic&quot;}\">\n\t\t\t\t\t\t\t<div class=\"elementor-background-overlay\"><\/div>\n\t\t\t\t\t\t\t<div class=\"elementor-container elementor-column-gap-default\">\n\t\t\t\t\t\t\t<div class=\"elementor-row\">\n\t\t\t\t\t<div class=\"elementor-column elementor-col-100 elementor-top-column elementor-element elementor-element-e78e227\" data-id=\"e78e227\" data-element_type=\"column\">\n\t\t\t<div class=\"elementor-column-wrap elementor-element-populated\">\n\t\t\t\t\t\t\t<div class=\"elementor-widget-wrap\">\n\t\t\t\t\t\t<section class=\"elementor-section elementor-inner-section elementor-element elementor-element-9afbbad elementor-section-content-middle elementor-section-boxed elementor-section-height-default elementor-section-height-default\" data-id=\"9afbbad\" data-element_type=\"section\">\n\t\t\t\t\t\t<div class=\"elementor-container elementor-column-gap-no\">\n\t\t\t\t\t\t\t<div class=\"elementor-row\">\n\t\t\t\t\t<div class=\"elementor-column elementor-col-50 elementor-inner-column elementor-element elementor-element-9718cfd\" data-id=\"9718cfd\" data-element_type=\"column\">\n\t\t\t<div class=\"elementor-column-wrap elementor-element-populated\">\n\t\t\t\t\t\t\t<div class=\"elementor-widget-wrap\">\n\t\t\t\t\t\t<div class=\"elementor-element elementor-element-b8ecb96 elementor-absolute elementor-widget elementor-widget-heading\" data-id=\"b8ecb96\" data-element_type=\"widget\" data-settings=\"{&quot;_position&quot;:&quot;absolute&quot;}\" data-widget_type=\"heading.default\">\n\t\t\t\t<div class=\"elementor-widget-container\">\n\t\t\t<h2 class=\"elementor-heading-title elementor-size-default\">lato<\/h2>\t\t<\/div>\n\t\t\t\t<\/div>\n\t\t\t\t<div class=\"elementor-element elementor-element-ffa24fa elementor-widget elementor-widget-heading\" data-id=\"ffa24fa\" data-element_type=\"widget\" data-widget_type=\"heading.default\">\n\t\t\t\t<div class=\"elementor-widget-container\">\n\t\t\t<h2 class=\"elementor-heading-title elementor-size-default\">Wakacje sp\u0119dzamy aktywnie.<\/h2>\t\t<\/div>\n\t\t\t\t<\/div>\n\t\t\t\t<div class=\"elementor-element elementor-element-6df0ac5 elementor-widget elementor-widget-text-editor\" data-id=\"6df0ac5\" data-element_type=\"widget\" data-widget_type=\"text-editor.default\">\n\t\t\t\t<div class=\"elementor-widget-container\">\n\t\t\t\t\t\t\t\t<div class=\"elementor-text-editor elementor-clearfix\">\n\t\t\t\t\t<p><span style=\"font-weight: 400;\">M\u0142odych uczestnik\u00f3w naszych letnich oboz\u00f3w zabieramy do miejsc, kt\u00f3re nie tylko maj\u0105 du\u017ce walory krajobrazowe, ale te\u017c pozwalaj\u0105 im rozwin\u0105\u0107 zainteresowania sportowe. Tematyka naszych oboz\u00f3w jest bardzo urozmaicona. Podczas wyjazd\u00f3w znajdujemy tak\u017ce czas na atrakcyjne animacje, quizy, zabawy terenowe, kt\u00f3re jak \u017cadne inne formy s\u0105 okazj\u0105 do wsp\u00f3\u0142dzia\u0142ania dzieci w zespole i tym samym zawi\u0105zywania trwa\u0142ych przyja\u017ani.<\/span><\/p><p><span style=\"font-weight: 400;\">W najbli\u017csze wakacje 2025 udajemy si\u0119 do Lidzbarka, miejscowo\u015bci w po\u0142o\u017conej w Welskim Parku Krajobrazowym. Na 11 dni zaplanowali\u015bmy wycieczki rowerowe, kajakarstwo, , elementy survivalu, p\u0142ywanie na SUPach i na wodach otwartych, gry i zabawy terenowe. Ponadto mn\u00f3stwo autorskich pomys\u0142\u00f3w. Zapraszamy do zapoznania si\u0119 propozycj\u0105 PLUSK<\/span><\/p>\t\t\t\t\t<\/div>\n\t\t\t\t\t\t<\/div>\n\t\t\t\t<\/div>\n\t\t\t\t\t\t<\/div>\n\t\t\t\t\t<\/div>\n\t\t<\/div>\n\t\t\t\t<div class=\"elementor-column elementor-col-50 elementor-inner-column elementor-element elementor-element-2d52997\" data-id=\"2d52997\" data-element_type=\"column\">\n\t\t\t<div class=\"elementor-column-wrap elementor-element-populated\">\n\t\t\t\t\t\t\t<div class=\"elementor-widget-wrap\">\n\t\t\t\t\t\t<div class=\"elementor-element elementor-element-14d850a elementor-widget elementor-widget-image\" data-id=\"14d850a\" data-element_type=\"widget\" data-widget_type=\"image.default\">\n\t\t\t\t<div class=\"elementor-widget-container\">\n\t\t\t\t\t\t\t\t<div class=\"elementor-image\">\n\t\t\t\t\t\t\t\t\t\t\t\t<img loading=\"lazy\" decoding=\"async\" width=\"1920\" height=\"1371\" src=\"https:\/\/spplusk-slask.pl\/wp-content\/uploads\/2021\/07\/kids-6009047_1920.jpg\" class=\"attachment-full size-full\" alt=\"\" srcset=\"https:\/\/spplusk-slask.pl\/wp-content\/uploads\/2021\/07\/kids-6009047_1920.jpg 1920w, https:\/\/spplusk-slask.pl\/wp-content\/uploads\/2021\/07\/kids-6009047_1920-300x214.jpg 300w, https:\/\/spplusk-slask.pl\/wp-content\/uploads\/2021\/07\/kids-6009047_1920-1024x731.jpg 1024w, https:\/\/spplusk-slask.pl\/wp-content\/uploads\/2021\/07\/kids-6009047_1920-768x548.jpg 768w, https:\/\/spplusk-slask.pl\/wp-content\/uploads\/2021\/07\/kids-6009047_1920-1536x1097.jpg 1536w\" sizes=\"auto, (max-width: 1920px) 100vw, 1920px\" \/>\t\t\t\t\t\t\t\t\t\t\t\t\t\t<\/div>\n\t\t\t\t\t\t<\/div>\n\t\t\t\t<\/div>\n\t\t\t\t\t\t<\/div>\n\t\t\t\t\t<\/div>\n\t\t<\/div>\n\t\t\t\t\t\t\t\t<\/div>\n\t\t\t\t\t<\/div>\n\t\t<\/section>\n\t\t\t\t\t\t<\/div>\n\t\t\t\t\t<\/div>\n\t\t<\/div>\n\t\t\t\t\t\t\t\t<\/div>\n\t\t\t\t\t<\/div>\n\t\t<\/section>\n\t\t\t\t<section class=\"elementor-section elementor-top-section elementor-element elementor-element-056e8df elementor-section-boxed elementor-section-height-default elementor-section-height-default\" data-id=\"056e8df\" data-element_type=\"section\">\n\t\t\t\t\t\t<div class=\"elementor-container elementor-column-gap-default\">\n\t\t\t\t\t\t\t<div class=\"elementor-row\">\n\t\t\t\t\t<div class=\"elementor-column elementor-col-100 elementor-top-column elementor-element elementor-element-237eb56\" data-id=\"237eb56\" data-element_type=\"column\">\n\t\t\t<div class=\"elementor-column-wrap elementor-element-populated\">\n\t\t\t\t\t\t\t<div class=\"elementor-widget-wrap\">\n\t\t\t\t\t\t<div class=\"elementor-element elementor-element-7d87b1d elementor-widget elementor-widget-image\" data-id=\"7d87b1d\" data-element_type=\"widget\" data-widget_type=\"image.default\">\n\t\t\t\t<div class=\"elementor-widget-container\">\n\t\t\t\t\t\t\t\t<div class=\"elementor-image\">\n\t\t\t\t\t\t\t\t\t\t\t\t<img loading=\"lazy\" decoding=\"async\" width=\"724\" height=\"1024\" src=\"https:\/\/spplusk-slask.pl\/wp-content\/uploads\/2024\/10\/Ciemna-Niebieska-Turkusowa-Dynamiczna-Duze-Zdjecie-Ulotka-firmowa-\u2013-technologia-i-gaming-724x1024.png\" class=\"attachment-large size-large\" alt=\"\" srcset=\"https:\/\/spplusk-slask.pl\/wp-content\/uploads\/2024\/10\/Ciemna-Niebieska-Turkusowa-Dynamiczna-Duze-Zdjecie-Ulotka-firmowa-\u2013-technologia-i-gaming-724x1024.png 724w, https:\/\/spplusk-slask.pl\/wp-content\/uploads\/2024\/10\/Ciemna-Niebieska-Turkusowa-Dynamiczna-Duze-Zdjecie-Ulotka-firmowa-\u2013-technologia-i-gaming-212x300.png 212w, https:\/\/spplusk-slask.pl\/wp-content\/uploads\/2024\/10\/Ciemna-Niebieska-Turkusowa-Dynamiczna-Duze-Zdjecie-Ulotka-firmowa-\u2013-technologia-i-gaming-768x1086.png 768w, https:\/\/spplusk-slask.pl\/wp-content\/uploads\/2024\/10\/Ciemna-Niebieska-Turkusowa-Dynamiczna-Duze-Zdjecie-Ulotka-firmowa-\u2013-technologia-i-gaming-1086x1536.png 1086w, https:\/\/spplusk-slask.pl\/wp-content\/uploads\/2024\/10\/Ciemna-Niebieska-Turkusowa-Dynamiczna-Duze-Zdjecie-Ulotka-firmowa-\u2013-technologia-i-gaming.png 1414w\" sizes=\"auto, (max-width: 724px) 100vw, 724px\" \/>\t\t\t\t\t\t\t\t\t\t\t\t\t\t<\/div>\n\t\t\t\t\t\t<\/div>\n\t\t\t\t<\/div>\n\t\t\t\t\t\t<\/div>\n\t\t\t\t\t<\/div>\n\t\t<\/div>\n\t\t\t\t\t\t\t\t<\/div>\n\t\t\t\t\t<\/div>\n\t\t<\/section>\n\t\t\t\t<section class=\"elementor-section elementor-top-section elementor-element elementor-element-cb1fe59 elementor-section-boxed elementor-section-height-default elementor-section-height-default\" data-id=\"cb1fe59\" data-element_type=\"section\">\n\t\t\t\t\t\t<div class=\"elementor-container elementor-column-gap-default\">\n\t\t\t\t\t\t\t<div class=\"elementor-row\">\n\t\t\t\t\t<div class=\"elementor-column elementor-col-100 elementor-top-column elementor-element elementor-element-5d27d8e\" data-id=\"5d27d8e\" data-element_type=\"column\">\n\t\t\t<div class=\"elementor-column-wrap elementor-element-populated\">\n\t\t\t\t\t\t\t<div class=\"elementor-widget-wrap\">\n\t\t\t\t\t\t<div class=\"elementor-element elementor-element-b4e4ea4 elementor-widget elementor-widget-heading\" data-id=\"b4e4ea4\" data-element_type=\"widget\" data-widget_type=\"heading.default\">\n\t\t\t\t<div class=\"elementor-widget-container\">\n\t\t\t<h2 class=\"elementor-heading-title elementor-size-medium\">Charakterystyka obozu.<br>Miejscem wypoczynku jest o\u015brodek \"Halo Mazury\" po\u0142o\u017cony w okolicy Welskiego Parku Krajobrazowego nad jeziorem Welskim.  Jego infrastruktura sportowa oraz lokalizacja pozwala na sp\u0119dzanie czasu w spos\u00f3b aktywny i wyj\u0105tkowo atrakcyjny. Mnogo\u015b\u0107 boisk i teren\u00f3w sportowych oraz miejsca do prowadzenia r\u00f3\u017cnych animacji sprawia, \u017ce uczestnicy z przyjemno\u015bci\u0105 udaj\u0105 si\u0119 na kolejne  zaj\u0119cia. W\u015br\u00f3d nich:<br>- zaj\u0119cia rowerowe - wycieczki, rajdy, tory przeszk\u00f3d, doskonalenie jazdy,<br>- gry i zabawy sportowe na na boiskach przeznaczonych do r\u00f3\u017cnych dyscyplin, <br>- archery game - bezpieczne zaj\u0119cia \u0142ucznicze, <br>- p\u0142ywanie - na basenie otwartym po\u0142o\u017conym w centralnym punkcie o\u015brodka oraz korzystanie\n   z  po\u0142o\u017conego w bliskiej odleg\u0142o\u015bci k\u0105pielisk,<br>- gry terenowe w bezpiecznych terenach le\u015bnych wok\u00f3\u0142 o\u015brodka, <br>- gra miejska wykorzystuj\u0105ca wiedz\u0119 na temat miasteczka Lidzbark i parku krajobrazowego,<br>- korzystanie ze sprz\u0119tu wodnego, <br>- animacje na terenie o\u015brodka<br><br>Koszt obozu wynosi 2890 z\u0142. + koszt transportu roweru ok. 200 z\u0142.<br>Obowi\u0105zkowo uczestnik musi posiada\u0107 sprawny rower. <br><\/h2>\t\t<\/div>\n\t\t\t\t<\/div>\n\t\t\t\t\t\t<\/div>\n\t\t\t\t\t<\/div>\n\t\t<\/div>\n\t\t\t\t\t\t\t\t<\/div>\n\t\t\t\t\t<\/div>\n\t\t<\/section>\n\t\t\t\t<section class=\"elementor-section elementor-top-section elementor-element elementor-element-d029be0 elementor-section-boxed elementor-section-height-default elementor-section-height-default\" data-id=\"d029be0\" data-element_type=\"section\">\n\t\t\t\t\t\t<div class=\"elementor-container elementor-column-gap-default\">\n\t\t\t\t\t\t\t<div class=\"elementor-row\">\n\t\t\t\t\t<div class=\"elementor-column elementor-col-100 elementor-top-column elementor-element elementor-element-8ab4278\" data-id=\"8ab4278\" data-element_type=\"column\">\n\t\t\t<div class=\"elementor-column-wrap elementor-element-populated\">\n\t\t\t\t\t\t\t<div class=\"elementor-widget-wrap\">\n\t\t\t\t\t\t<div class=\"elementor-element elementor-element-6a629e6 elementor-widget elementor-widget-heading\" data-id=\"6a629e6\" data-element_type=\"widget\" data-widget_type=\"heading.default\">\n\t\t\t\t<div class=\"elementor-widget-container\">\n\t\t\t<h2 class=\"elementor-heading-title elementor-size-large\"><a href=\"https:\/\/spplusk-slask.pl\/wp-content\/uploads\/2025\/02\/standardowy-formularz-informacyjny-do-umow-o-udzial-w-imprezie-turystycznej.pdf\" target=\"_blank\">Standardowy formularz informacyjny.<\/a><\/h2>\t\t<\/div>\n\t\t\t\t<\/div>\n\t\t\t\t\t\t<\/div>\n\t\t\t\t\t<\/div>\n\t\t<\/div>\n\t\t\t\t\t\t\t\t<\/div>\n\t\t\t\t\t<\/div>\n\t\t<\/section>\n\t\t\t\t\t\t<\/div>\n\t\t\t\t\t\t<\/div>\n\t\t\t\t\t<\/div>\n\t\t","protected":false},"excerpt":{"rendered":"<p>lato Wakacje sp\u0119dzamy aktywnie. M\u0142odych uczestnik\u00f3w naszych letnich oboz\u00f3w zabieramy do miejsc, kt\u00f3re nie tylko maj\u0105 du\u017ce walory krajobrazowe, ale te\u017c pozwalaj\u0105 im rozwin\u0105\u0107 zainteresowania sportowe. Tematyka naszych oboz\u00f3w jest bardzo urozmaicona. Podczas wyjazd\u00f3w znajdujemy tak\u017ce czas na atrakcyjne animacje, quizy, zabawy terenowe, kt\u00f3re jak \u017cadne inne formy s\u0105 okazj\u0105 do wsp\u00f3\u0142dzia\u0142ania dzieci w zespole [&hellip;]<\/p>\n","protected":false},"author":1,"featured_media":0,"parent":0,"menu_order":0,"comment_status":"closed","ping_status":"closed","template":"","meta":{"footnotes":""},"class_list":["post-364","page","type-page","status-publish","hentry","entry"],"_links":{"self":[{"href":"https:\/\/spplusk-slask.pl\/index.php\/wp-json\/wp\/v2\/pages\/364","targetHints":{"allow":["GET"]}}],"collection":[{"href":"https:\/\/spplusk-slask.pl\/index.php\/wp-json\/wp\/v2\/pages"}],"about":[{"href":"https:\/\/spplusk-slask.pl\/index.php\/wp-json\/wp\/v2\/types\/page"}],"author":[{"embeddable":true,"href":"https:\/\/spplusk-slask.pl\/index.php\/wp-json\/wp\/v2\/users\/1"}],"replies":[{"embeddable":true,"href":"https:\/\/spplusk-slask.pl\/index.php\/wp-json\/wp\/v2\/comments?post=364"}],"version-history":[{"count":67,"href":"https:\/\/spplusk-slask.pl\/index.php\/wp-json\/wp\/v2\/pages\/364\/revisions"}],"predecessor-version":[{"id":1874,"href":"https:\/\/spplusk-slask.pl\/index.php\/wp-json\/wp\/v2\/pages\/364\/revisions\/1874"}],"wp:attachment":[{"href":"https:\/\/spplusk-slask.pl\/index.php\/wp-json\/wp\/v2\/media?parent=364"}],"curies":[{"name":"wp","href":"https:\/\/api.w.org\/{rel}","templated":true}]}}